{"id":43,"date":"2026-05-08T10:03:45","date_gmt":"2026-05-08T10:03:45","guid":{"rendered":"https:\/\/avelfoll.com\/index.php\/home\/"},"modified":"2026-05-08T11:46:55","modified_gmt":"2026-05-08T11:46:55","slug":"home","status":"publish","type":"page","link":"https:\/\/avelfoll.com\/","title":{"rendered":"Les \u00e9v\u00e8nements \u00e0 venir"},"content":{"rendered":"\n<div class=\"wp-block-media-text is-stacked-on-mobile\"><figure class=\"wp-block-media-text__media\"><\/figure><div class=\"wp-block-media-text__content\">\n<p><\/p>\n<\/div><\/div>\n\n\n\n<div class=\"wp-block-media-text alignwide is-stacked-on-mobile is-vertically-aligned-center\" style=\"grid-template-columns:36% auto\"><figure class=\"wp-block-media-text__media\"><img fetchpriority=\"high\" decoding=\"async\" width=\"724\" height=\"1024\" src=\"http:\/\/avelfoll.com\/wp-content\/uploads\/2026\/05\/Affiche-Baroque-du-Nouveau-Monde-724x1024.png\" alt=\"\" class=\"wp-image-121 size-full\" srcset=\"https:\/\/avelfoll.com\/wp-content\/uploads\/2026\/05\/Affiche-Baroque-du-Nouveau-Monde-724x1024.png 724w, https:\/\/avelfoll.com\/wp-content\/uploads\/2026\/05\/Affiche-Baroque-du-Nouveau-Monde-212x300.png 212w, https:\/\/avelfoll.com\/wp-content\/uploads\/2026\/05\/Affiche-Baroque-du-Nouveau-Monde-768x1086.png 768w, https:\/\/avelfoll.com\/wp-content\/uploads\/2026\/05\/Affiche-Baroque-du-Nouveau-Monde-1086x1536.png 1086w, https:\/\/avelfoll.com\/wp-content\/uploads\/2026\/05\/Affiche-Baroque-du-Nouveau-Monde-1448x2048.png 1448w, https:\/\/avelfoll.com\/wp-content\/uploads\/2026\/05\/Affiche-Baroque-du-Nouveau-Monde.png 1587w\" sizes=\"(max-width: 724px) 100vw, 724px\" \/><\/figure><div class=\"wp-block-media-text__content\">\n<p><em><em><strong>Le Baroque du Nouveau Monde<\/strong><\/em><\/em><\/p>\n\n\n\n<p><em><em>Le Baroque du\u00a0Nouveau Monde<\/em><\/em>, Musique baroque espagnole des XVIe et XVIIe si\u00e8cle, influences et m\u00e9moire dans la musique traditionnelle mexicaine.<\/p>\n\n\n\n<p class=\"has-text-align-left\">Au XVIe si\u00e8cle, avec l\u2019arriv\u00e9e des conquistadors, la musique europ\u00e9enne se r\u00e9pand en Nouvelle Espagne ( l\u2019actuel Mexique). Elle est principalement v\u00e9hicul\u00e9e par les moines espagnols, \u00e0 travers leur mission d\u2019\u00e9vang\u00e9lisation de la nouvelle colonie. Jusqu\u2019au XVIIIe si\u00e8cle, la Nouvelle Espagne se d\u00e9veloppe \u00e0 l\u2019image des grandes villes europ\u00e9ennes et la musique europ\u00e9enne s\u2019y \u00e9panouit gr\u00e2ce \u00e0 l\u2019abondante circulation des musiciens et instruments entre les deux mondes.\u00a0<br><br>Dans ce programme, Nolwenn Tardy au chant, \u00e0 la guitare et au violon baroque, Maud Sinda au chant, au violon baroque et \u00e0 la jalana et Galel Sanchez au chant, au requinto et \u00e0 la viola da spalla, nous font voyager dans de multiples r\u00e9pertoires : ceux de la musique savante, destin\u00e9e aux \u00e9v\u00e9nements liturgiques ou officiels mais aussi ceux des musiques populaires, des zones urbaines et rurales du Mexique, o\u00f9 \u00e9mergent un long processus de syncr\u00e9tisme culturel comme en t\u00e9moigne notamment le son espagnol, musique \u00e0 danser, qui a disparu au XVIIIe si\u00e8cle en Europe mais qui a fleuri dans plusieurs r\u00e9gions du Mexique. On retrouve dans ces r\u00e9pertoires traditionnels une pratique sp\u00e9cifique\u00a0de\u00a0l\u2019ornementation, de l\u2019improvisation et l\u2019usage de basses obstin\u00e9es, issus du r\u00e9pertoire baroque europ\u00e9en.\u00a0Le programme m\u00eale musiques\u00a0de Veracruz (Son jarocho), de la Huasteca (en langue n\u00e1huat) , de Guerrero, et de Oaxaca ainsi que des madrigaux de Cristobal de Morales, compositeur et organiste espagnol du XVIe, des airs de cours, des folias et des sonates du monde baroque espagnol.<br><\/p>\n\n\n\n<p>\ud83d\udcc5 <strong>Date :<\/strong> Jeudi 23 juillet 2026<br>\ud83d\udccd <strong>Lieu :<\/strong> Eglise de Baden (56870)<br>\ud83d\udd57 <strong>Horaire :<\/strong><\/p>\n\n\n\n<p>\ud83d\udcc5 <strong>Date :<\/strong> Vendredi 24 juillet 2026<br>\ud83d\udccd <strong>Lieu :<\/strong> Eglise de la Trinit\u00e9 (56340)<br>\ud83d\udd57 <strong>Horaire :<\/strong><\/p>\n\n\n\n<p>\ud83d\udcc5 <strong>Date :<\/strong> Samedi 25 juillet 2026<br>\ud83d\udccd <strong>Lieu :<\/strong> Chapelle de Penboch (56690)<br>\ud83d\udd57 <strong>Horaire :<\/strong> <br><br>\ud83d\udcc5 <strong>Date :<\/strong> Dimanche 26 juillet 2026<br>\ud83d\udccd <strong>Lieu :<\/strong> Chapelle de L\u00e9gevin (56690)<br>\ud83d\udd57 <strong>Horaire :<\/strong> <\/p>\n<\/div><\/div>\n\n\n\n<p><\/p>\n\n\n\n<div class=\"wp-block-media-text alignwide is-stacked-on-mobile is-vertically-aligned-center\" style=\"grid-template-columns:36% auto\"><figure class=\"wp-block-media-text__media\"><img decoding=\"async\" width=\"724\" height=\"1024\" src=\"http:\/\/avelfoll.com\/wp-content\/uploads\/2026\/05\/Affiche-sans-lieu-ni-date-3-724x1024.jpg\" alt=\"\" class=\"wp-image-117 size-full\" srcset=\"https:\/\/avelfoll.com\/wp-content\/uploads\/2026\/05\/Affiche-sans-lieu-ni-date-3-724x1024.jpg 724w, https:\/\/avelfoll.com\/wp-content\/uploads\/2026\/05\/Affiche-sans-lieu-ni-date-3-212x300.jpg 212w, https:\/\/avelfoll.com\/wp-content\/uploads\/2026\/05\/Affiche-sans-lieu-ni-date-3-768x1086.jpg 768w, https:\/\/avelfoll.com\/wp-content\/uploads\/2026\/05\/Affiche-sans-lieu-ni-date-3-scaled.jpg 1810w\" sizes=\"(max-width: 724px) 100vw, 724px\" \/><\/figure><div class=\"wp-block-media-text__content\">\n<p><em><em><strong>Bygone skies<\/strong><\/em><\/em><\/p>\n\n\n\n<p>L&rsquo;association Avel Foll propose le programme&nbsp;<em>Bygone skies,&nbsp;<\/em>construit&nbsp;autour&nbsp;de la musique baroque et traditionnelle des \u00celes britanniques aux XVIIe et XVIIIe si\u00e8cles.&nbsp;<\/p>\n\n\n\n<p>Ce programme est pens\u00e9 en dialogue avec une exposition de peintures de Nathana\u00ebl Tardy, qui se tiendra \u00e0 la chapelle de L\u00e9gevin du 14 au 30 ao\u00fbt.\u00a0 Aux airs traditionnels se m\u00ealent des airs de la p\u00e9riode renaissance et baroque d&rsquo;Irlande, d&rsquo;Angleterre, du Pays de Galles et d&rsquo;Ecosse. Gr\u00e2ce \u00e0 ce fil t\u00e9nu de la m\u00e9moire, le programme nous fait voyager dans des\u00a0 paysages insulaires o\u00f9 les fronti\u00e8res temporelles s&rsquo;effacent et o\u00f9 le pass\u00e9 se m\u00eale au pr\u00e9sent. Les sonorit\u00e9s et l&rsquo;esprit de ce r\u00e9pertoire ancien dialoguent avec les horizons picturaux qu&rsquo;il ont inspir\u00e9 \u00e0 l&rsquo;artiste. Bygone skies est construit autour de la m\u00e9moire et de sa n\u00e9cessaire imperfection, vue comme une source fertile pour l&rsquo;imaginaire et sa cr\u00e9ativit\u00e9. <\/p>\n\n\n\n<p>Les musiciens, Nolwenn Tardy au chant et violon baroque,Tha\u00efs Peron le Ouay au chant, aux fl\u00fbtes et au\u00a0violone, Anne-Sophie Eisel\u00e9 \u00e0 la viole de gambe et Adriann Lauwers aux luth, cistre et guitare baroque m\u00ealent \u00e0 des airs traditionnels irlandais, \u00e9cossais et anglais des pi\u00e8ces de Baltzar, Brade, Playford, Eccles, Purcell, Locke, Geminiani et Dowland.<\/p>\n\n\n\n<p>\ud83d\udcc5 <strong>Date :<\/strong> lundi 27 aout 2026<br>\ud83d\udccd <strong>Lieu :<\/strong> \u00c9glise de Plouharnel (56340)<br>\ud83d\udd57 <strong>Horaire :<\/strong> <\/p>\n\n\n\n<p>\ud83d\udcc5 <strong>Date :<\/strong> Mardi 28 aout 2026<br>\ud83d\udccd <strong>Lieu :<\/strong> Chapelle de Penboch (56610)<br>\ud83d\udd57 <strong>Horaire :<\/strong> <\/p>\n\n\n\n<p>\ud83d\udcc5 <strong>Date :<\/strong> Mercredi 29 aout 2026<br>\ud83d\udccd <strong>Lieu :<\/strong> Abbaye st Gildas du Rhuys (56730)<br>\ud83d\udd57 <strong>Horaire :<\/strong> <br><br>\ud83d\udcc5 <strong>Date :<\/strong> Jeudi 30 aout 2026<br>\ud83d\udccd <strong>Lieu :<\/strong> Chapelle de L\u00e9gevin (56690)<br>\ud83d\udd57 <strong>Horaire :<\/strong> <\/p>\n<\/div><\/div>\n\n\n\n<div class=\"wp-block-media-text is-stacked-on-mobile\"><figure class=\"wp-block-media-text__media\"><\/figure><div class=\"wp-block-media-text__content\">\n<p><\/p>\n<\/div><\/div>\n\n\n\n<p><\/p>\n","protected":false},"excerpt":{"rendered":"<p>Le Baroque du Nouveau Monde Le Baroque du\u00a0Nouveau Monde, Musique baroque espagnole des XVIe et XVIIe si\u00e8cle, influences et m\u00e9moire dans la musique traditionnelle mexicaine. Au XVIe si\u00e8cle, avec l\u2019arriv\u00e9e des conquistadors, la musique europ\u00e9enne se r\u00e9pand en Nouvelle Espagne ( l\u2019actuel Mexique). Elle est principalement v\u00e9hicul\u00e9e par les moines espagnols, \u00e0 travers leur mission [&hellip;]<\/p>\n","protected":false},"author":1,"featured_media":63,"parent":0,"menu_order":0,"comment_status":"closed","ping_status":"closed","template":"elementor_header_footer","meta":{"footnotes":""},"class_list":["post-43","page","type-page","status-publish","has-post-thumbnail","hentry"],"_links":{"self":[{"href":"https:\/\/avelfoll.com\/index.php\/wp-json\/wp\/v2\/pages\/43","targetHints":{"allow":["GET"]}}],"collection":[{"href":"https:\/\/avelfoll.com\/index.php\/wp-json\/wp\/v2\/pages"}],"about":[{"href":"https:\/\/avelfoll.com\/index.php\/wp-json\/wp\/v2\/types\/page"}],"author":[{"embeddable":true,"href":"https:\/\/avelfoll.com\/index.php\/wp-json\/wp\/v2\/users\/1"}],"replies":[{"embeddable":true,"href":"https:\/\/avelfoll.com\/index.php\/wp-json\/wp\/v2\/comments?post=43"}],"version-history":[{"count":42,"href":"https:\/\/avelfoll.com\/index.php\/wp-json\/wp\/v2\/pages\/43\/revisions"}],"predecessor-version":[{"id":158,"href":"https:\/\/avelfoll.com\/index.php\/wp-json\/wp\/v2\/pages\/43\/revisions\/158"}],"wp:featuredmedia":[{"embeddable":true,"href":"https:\/\/avelfoll.com\/index.php\/wp-json\/wp\/v2\/media\/63"}],"wp:attachment":[{"href":"https:\/\/avelfoll.com\/index.php\/wp-json\/wp\/v2\/media?parent=43"}],"curies":[{"name":"wp","href":"https:\/\/api.w.org\/{rel}","templated":true}]}}